{"id":12,"date":"2014-09-06T20:59:08","date_gmt":"2014-09-06T20:59:08","guid":{"rendered":"http:\/\/raiskiconsulting.com\/?page_id=12"},"modified":"2026-05-08T12:55:28","modified_gmt":"2026-05-08T10:55:28","slug":"koulutuspalvelut","status":"publish","type":"page","link":"https:\/\/raiskiconsulting.com\/?page_id=12","title":{"rendered":"KOULUTUSPALVELUT"},"content":{"rendered":"\n<p><\/p>\n\n\n\n<h2 class=\"wp-block-heading\">Koulutuspalvelut<\/h2>\n\n\n\n<div class=\"wp-block-media-text is-stacked-on-mobile\"><figure class=\"wp-block-media-text__media\"><img fetchpriority=\"high\" decoding=\"async\" width=\"1024\" height=\"683\" src=\"https:\/\/raiskiconsulting.com\/wp-content\/uploads\/2026\/05\/Elamaan-Espanjassa-kuva-1024x683.png\" alt=\"\" class=\"wp-image-825 size-full\"\/><\/figure><div class=\"wp-block-media-text__content\">\n<p><strong>El\u00e4m\u00e4\u00e4n Espanjassa -tietoiskut ovat tuhti tietopaketti Espanjassa el\u00e4miseen liittyviss\u00e4 kysymyksiss\u00e4. <\/strong><\/p>\n\n\n\n<p><br><strong>R\u00e4\u00e4t\u00e4l\u00f6in koulutukset tarpeiden mukaan, joten ker\u00e4\u00e4 ryhm\u00e4 kasaan ja pyyd\u00e4 tarjous!<\/strong><\/p>\n\n\n\n<p>Teemoja menneiss\u00e4 koulutuksissa ovat olleet mm.:<\/p>\n\n\n\n<ul class=\"wp-block-list\">\n<li>NIE ja Residencia &#8211; erot ja vaikutukset<\/li>\n\n\n\n<li>Veroresidencia &#8211; mit\u00e4 se tarkoittaa ja mihin kaikkeen se vaikuttaa<\/li>\n\n\n\n<li>Ei-residentin ja Residentin verotus<\/li>\n\n\n\n<li>Sosiaaliturva Espanjassa asuvalle suomalaiselle<\/li>\n<\/ul>\n\n\n\n<ul class=\"wp-block-list\">\n<li>Asuntokauppaprosessi<\/li>\n\n\n\n<li>Asunnon verotus<\/li>\n<\/ul>\n\n\n\n<ul class=\"wp-block-list\">\n<li>Perint\u00f6\u00e4 Espanjasta &#8211; etuk\u00e4teen suunnittelu kannattaa<\/li>\n<\/ul>\n\n\n\n<p><\/p>\n\n\n\n<p><strong>L\u00e4hiaikoina tulossa on my\u00f6s verkkopohjaisia koulutuksia. <\/strong><\/p>\n\n\n\n<p><\/p>\n\n\n\n<p><\/p>\n\n\n\n<p><\/p>\n\n\n\n<p><\/p>\n\n\n\n<p><\/p>\n<\/div><\/div>\n","protected":false},"excerpt":{"rendered":"<p>Koulutuspalvelut<\/p>\n","protected":false},"author":1,"featured_media":0,"parent":0,"menu_order":0,"comment_status":"closed","ping_status":"closed","template":"elementor_canvas","meta":{"footnotes":""},"class_list":["post-12","page","type-page","status-publish","hentry"],"_links":{"self":[{"href":"https:\/\/raiskiconsulting.com\/index.php?rest_route=\/wp\/v2\/pages\/12","targetHints":{"allow":["GET"]}}],"collection":[{"href":"https:\/\/raiskiconsulting.com\/index.php?rest_route=\/wp\/v2\/pages"}],"about":[{"href":"https:\/\/raiskiconsulting.com\/index.php?rest_route=\/wp\/v2\/types\/page"}],"author":[{"embeddable":true,"href":"https:\/\/raiskiconsulting.com\/index.php?rest_route=\/wp\/v2\/users\/1"}],"replies":[{"embeddable":true,"href":"https:\/\/raiskiconsulting.com\/index.php?rest_route=%2Fwp%2Fv2%2Fcomments&post=12"}],"version-history":[{"count":11,"href":"https:\/\/raiskiconsulting.com\/index.php?rest_route=\/wp\/v2\/pages\/12\/revisions"}],"predecessor-version":[{"id":830,"href":"https:\/\/raiskiconsulting.com\/index.php?rest_route=\/wp\/v2\/pages\/12\/revisions\/830"}],"wp:attachment":[{"href":"https:\/\/raiskiconsulting.com\/index.php?rest_route=%2Fwp%2Fv2%2Fmedia&parent=12"}],"curies":[{"name":"wp","href":"https:\/\/api.w.org\/{rel}","templated":true}]}}