{"id":131,"date":"2014-09-07T14:49:04","date_gmt":"2014-09-07T14:49:04","guid":{"rendered":"http:\/\/raiskiconsulting.com\/?page_id=131"},"modified":"2025-10-20T22:48:20","modified_gmt":"2025-10-20T20:48:20","slug":"asuntoasiat-ja-niihin-liittyvat","status":"publish","type":"page","link":"https:\/\/raiskiconsulting.com\/?page_id=131","title":{"rendered":"Asuntoasiat ja niihin liittyv\u00e4t"},"content":{"rendered":"<div class=\"su-service\"><div class=\"su-service-title\" style=\"padding-left:114px;min-height:100px;line-height:100px\"><img loading=\"lazy\" decoding=\"async\" src=\"http:\/\/raiskiconsulting.com\/wp-content\/uploads\/2014\/09\/xds.jpg\" width=\"100\" height=\"100\" alt=\"ASUNTOASIAT JA NIIHIN LIITTYV\u00c4T:\" style=\"width:100px;height:100px\" \/> ASUNTOASIAT JA NIIHIN LIITTYV\u00c4T:<\/div><div class=\"su-service-content su-u-clearfix su-u-trim\" style=\"padding-left:114px\"><div class=\"su-list\" style=\"margin-left:0px\">\n<ul>\n<li><i class=\"sui sui-arrow-circle-right\" style=\"color:#333\"><\/i> ASUNTOKAUPPOJEN VALVONTA (osto\/ myynti), t\u00e4yden palvelun periaatteella, alusta loppuun. Minuun kannattaa olla yhteydess\u00e4 jo ennen varaussopimuksen allekirjoittamista\/ varausrahan maksamista onnistuneen asuntokaupan turvaamiseksi. Tarkemman erittelyn asuntokauppaan liittyvist\u00e4 toimenpiteist\u00e4 saat pyyt\u00e4m\u00e4ll\u00e4 tarjouksen!<\/li>\n<li><i class=\"sui sui-arrow-circle-right\" style=\"color:#333\"><\/i> Ostotoimeksiannot &#8211; Etsin Sinulle toiveidesi mukaisen asunnon ja tarkistan, ett\u00e4 se on turvallinen ostaa. Em. asuntokaupan valvonta kuuluu palkkiooni, jonka t\u00e4ss\u00e4 tapauksessa maksaa asunnon myyj\u00e4.<\/li>\n<li><i class=\"sui sui-arrow-circle-right\" style=\"color:#333\"><\/i> \u00a0Lis\u00e4ksi mm.\n<ul>\n<li><i class=\"sui sui-arrow-circle-right\" style=\"color:#333\"><\/i> Turistivuokra-asunnon rekister\u00f6inti<\/li>\n<li><i class=\"sui sui-arrow-circle-right\" style=\"color:#333\"><\/i> Vuokrasopimusten tarkistus<\/li>\n<li><i class=\"sui sui-arrow-circle-right\" style=\"color:#333\"><\/i> Puhelin- ja Internet-liittymien avaus ja irtisanominen, s\u00e4hkosopimuksen kilpailutus ja vaihto ja muut sopimusasiat<\/li>\n<li><i class=\"sui sui-arrow-circle-right\" style=\"color:#333\"><\/i> Testamenttien laadinta (Espanjan omaisuudesta kannattaa laatia espanjalainen testamentti)<\/li>\n<li><i class=\"sui sui-arrow-circle-right\" style=\"color:#333\"><\/i> Perunkirjoitukset (Suomi ja\/ tai Espanja)<\/li>\n<\/ul>\n<\/li>\n<\/ul>\n<\/div><\/div><\/div>\n","protected":false},"excerpt":{"rendered":"","protected":false},"author":1,"featured_media":0,"parent":0,"menu_order":0,"comment_status":"closed","ping_status":"closed","template":"","meta":{"footnotes":""},"class_list":["post-131","page","type-page","status-publish","hentry"],"_links":{"self":[{"href":"https:\/\/raiskiconsulting.com\/index.php?rest_route=\/wp\/v2\/pages\/131","targetHints":{"allow":["GET"]}}],"collection":[{"href":"https:\/\/raiskiconsulting.com\/index.php?rest_route=\/wp\/v2\/pages"}],"about":[{"href":"https:\/\/raiskiconsulting.com\/index.php?rest_route=\/wp\/v2\/types\/page"}],"author":[{"embeddable":true,"href":"https:\/\/raiskiconsulting.com\/index.php?rest_route=\/wp\/v2\/users\/1"}],"replies":[{"embeddable":true,"href":"https:\/\/raiskiconsulting.com\/index.php?rest_route=%2Fwp%2Fv2%2Fcomments&post=131"}],"version-history":[{"count":6,"href":"https:\/\/raiskiconsulting.com\/index.php?rest_route=\/wp\/v2\/pages\/131\/revisions"}],"predecessor-version":[{"id":530,"href":"https:\/\/raiskiconsulting.com\/index.php?rest_route=\/wp\/v2\/pages\/131\/revisions\/530"}],"wp:attachment":[{"href":"https:\/\/raiskiconsulting.com\/index.php?rest_route=%2Fwp%2Fv2%2Fmedia&parent=131"}],"curies":[{"name":"wp","href":"https:\/\/api.w.org\/{rel}","templated":true}]}}