{"id":14,"date":"2014-09-06T20:59:37","date_gmt":"2014-09-06T20:59:37","guid":{"rendered":"http:\/\/raiskiconsulting.com\/?page_id=14"},"modified":"2020-09-18T11:15:15","modified_gmt":"2020-09-18T11:15:15","slug":"yritysesittely","status":"publish","type":"page","link":"https:\/\/raiskiconsulting.com\/?page_id=14","title":{"rendered":"Yritysesittely"},"content":{"rendered":"<p><img loading=\"lazy\" decoding=\"async\" class=\"alignleft wp-image-509 size-full\" src=\"http:\/\/raiskiconsulting.com\/wp-content\/uploads\/2014\/09\/mr3new.png\" alt=\"\" width=\"723\" height=\"250\" srcset=\"https:\/\/raiskiconsulting.com\/wp-content\/uploads\/2014\/09\/mr3new.png 723w, https:\/\/raiskiconsulting.com\/wp-content\/uploads\/2014\/09\/mr3new-300x103.png 300w, https:\/\/raiskiconsulting.com\/wp-content\/uploads\/2014\/09\/mr3new-100x34.png 100w, https:\/\/raiskiconsulting.com\/wp-content\/uploads\/2014\/09\/mr3new-150x51.png 150w, https:\/\/raiskiconsulting.com\/wp-content\/uploads\/2014\/09\/mr3new-200x69.png 200w, https:\/\/raiskiconsulting.com\/wp-content\/uploads\/2014\/09\/mr3new-450x155.png 450w, https:\/\/raiskiconsulting.com\/wp-content\/uploads\/2014\/09\/mr3new-600x207.png 600w\" sizes=\"auto, (max-width: 723px) 100vw, 723px\" \/><\/p>\n<hr \/>\n<p>Olen Marjo Raiski (o.s. P\u00e4\u00e4llysaho), koulutukseltani oikeustieteen kandidaatti (OTK), varatuomari (VT). Lis\u00e4ksi minulla on laillistetun kiinteist\u00f6nv\u00e4litt\u00e4j\u00e4n tutkinto (LKV) sek\u00e4 ammatillinen opettajantutkinto. Kaikki koulutukseni olen hankkinut Suomessa, miss\u00e4 olen toiminut vuosia niin juristina kuin opettajana ja my\u00f6s kiinteist\u00f6nv\u00e4litt\u00e4j\u00e4n\u00e4.<\/p>\n<p>Espanjassa olen asunut vuodesta 2006 l\u00e4htien ja aluksi ty\u00f6skentelin kiinteist\u00f6nv\u00e4litt\u00e4j\u00e4n\u00e4, sitten kahvilayritt\u00e4j\u00e4n\u00e4 (asiointitoimisto kahvilan yhteydess\u00e4), kunnes syksyll\u00e4 2011 ryhdyin ty\u00f6skentelem\u00e4\u00e4n yksinomaan asioidenhoitajana\/ konsulttina.<\/p>\n<p>Vahvuuksiini kuuluu, ett\u00e4 tunnen sek\u00e4 Suomen ett\u00e4 Espanjan lakiasiat ja olen ty\u00f6ss\u00e4ni huomannut, ett\u00e4 monen suomalaisen asiat todellakin vaativat molempien maiden lains\u00e4\u00e4d\u00e4nn\u00f6n tuntemista. Espanjan vuosieni aikana olen aktiivisesti opiskellut Espanjan lains\u00e4\u00e4d\u00e4nt\u00f6\u00e4, joten vaikka minulta puuttuu espanjalainen tutkinto, se ei tarkoita, ettenk\u00f6 korkeatasoisen suomalaisen koulutuksen ansiosta olisi p\u00e4tev\u00e4 henkil\u00f6 asioita my\u00f6s Espanjassa hoitamaan. Olen my\u00f6s ns. asiainhoitajista ainoa, jolla on juristin tutkinto.<\/p>\n<hr \/>\n<div class=\"su-custom-gallery su-custom-gallery-align-left su-custom-gallery-title-never\"><div class=\"su-custom-gallery-slide\" style=\"width:230px;height:230px\"><a href=\"https:\/\/raiskiconsulting.com\/wp-content\/uploads\/2014\/09\/img0002.jpg\" title=\"img0002\"><img loading=\"lazy\" decoding=\"async\" src=\"https:\/\/raiskiconsulting.com\/wp-content\/uploads\/2014\/09\/img0002-230x230.jpg\" alt=\"img0002\" width=\"230\" height=\"230\" \/><span class=\"su-custom-gallery-title\">img0002<\/span><\/a><\/div><div class=\"su-custom-gallery-slide\" style=\"width:230px;height:230px\"><a href=\"https:\/\/raiskiconsulting.com\/wp-content\/uploads\/2014\/09\/img0003.jpg\" title=\"img0003\"><img loading=\"lazy\" decoding=\"async\" src=\"https:\/\/raiskiconsulting.com\/wp-content\/uploads\/2014\/09\/img0003-230x230.jpg\" alt=\"img0003\" width=\"230\" height=\"230\" \/><span class=\"su-custom-gallery-title\">img0003<\/span><\/a><\/div><div class=\"su-custom-gallery-slide\" style=\"width:230px;height:230px\"><a href=\"https:\/\/raiskiconsulting.com\/wp-content\/uploads\/2014\/09\/img0004.jpg\" title=\"img0004\"><img loading=\"lazy\" decoding=\"async\" src=\"https:\/\/raiskiconsulting.com\/wp-content\/uploads\/2014\/09\/img0004-230x230.jpg\" alt=\"img0004\" width=\"230\" height=\"230\" \/><span class=\"su-custom-gallery-title\">img0004<\/span><\/a><\/div><div class=\"su-custom-gallery-slide\" style=\"width:230px;height:230px\"><a href=\"https:\/\/raiskiconsulting.com\/wp-content\/uploads\/2014\/09\/img0005.jpg\" title=\"img0005\"><img loading=\"lazy\" decoding=\"async\" src=\"https:\/\/raiskiconsulting.com\/wp-content\/uploads\/2014\/09\/img0005-230x230.jpg\" alt=\"img0005\" width=\"230\" height=\"230\" \/><span class=\"su-custom-gallery-title\">img0005<\/span><\/a><\/div><div class=\"su-clear\"><\/div><\/div>\n","protected":false},"excerpt":{"rendered":"<p>Olen Marjo Raiski (o.s. P\u00e4\u00e4llysaho), koulutukseltani oikeustieteen kandidaatti (OTK), varatuomari (VT). Lis\u00e4ksi minulla on laillistetun kiinteist\u00f6nv\u00e4litt\u00e4j\u00e4n tutkinto (LKV) sek\u00e4 ammatillinen opettajantutkinto. Kaikki koulutukseni olen hankkinut Suomessa, miss\u00e4 olen toiminut vuosia niin juristina kuin opettajana ja my\u00f6s kiinteist\u00f6nv\u00e4litt\u00e4j\u00e4n\u00e4. Espanjassa olen asunut<span class=\"ellipsis\">&hellip;<\/span><\/p>\n<div class=\"read-more\"><a href=\"https:\/\/raiskiconsulting.com\/?page_id=14\">Lue lis\u00e4\u00e4 \u203a<\/a><\/div>\n<p><!-- end of .read-more --><\/p>\n","protected":false},"author":1,"featured_media":0,"parent":0,"menu_order":0,"comment_status":"closed","ping_status":"closed","template":"","meta":{"footnotes":""},"class_list":["post-14","page","type-page","status-publish","hentry"],"_links":{"self":[{"href":"https:\/\/raiskiconsulting.com\/index.php?rest_route=\/wp\/v2\/pages\/14","targetHints":{"allow":["GET"]}}],"collection":[{"href":"https:\/\/raiskiconsulting.com\/index.php?rest_route=\/wp\/v2\/pages"}],"about":[{"href":"https:\/\/raiskiconsulting.com\/index.php?rest_route=\/wp\/v2\/types\/page"}],"author":[{"embeddable":true,"href":"https:\/\/raiskiconsulting.com\/index.php?rest_route=\/wp\/v2\/users\/1"}],"replies":[{"embeddable":true,"href":"https:\/\/raiskiconsulting.com\/index.php?rest_route=%2Fwp%2Fv2%2Fcomments&post=14"}],"version-history":[{"count":22,"href":"https:\/\/raiskiconsulting.com\/index.php?rest_route=\/wp\/v2\/pages\/14\/revisions"}],"predecessor-version":[{"id":534,"href":"https:\/\/raiskiconsulting.com\/index.php?rest_route=\/wp\/v2\/pages\/14\/revisions\/534"}],"wp:attachment":[{"href":"https:\/\/raiskiconsulting.com\/index.php?rest_route=%2Fwp%2Fv2%2Fmedia&parent=14"}],"curies":[{"name":"wp","href":"https:\/\/api.w.org\/{rel}","templated":true}]}}