{"id":6,"date":"2014-09-06T20:57:26","date_gmt":"2014-09-06T20:57:26","guid":{"rendered":"http:\/\/raiskiconsulting.com\/?page_id=6"},"modified":"2025-10-19T18:18:58","modified_gmt":"2025-10-19T16:18:58","slug":"etusivu","status":"publish","type":"page","link":"https:\/\/raiskiconsulting.com\/","title":{"rendered":"Etusivu"},"content":{"rendered":"<h1>Tervetuloa Raiski Consultingin\u00a0 kotisivuille<\/h1>\n<p>Raiski Consulting on monialayritys, jonka palveluita ovat laki-, asiointi- ja konsultointipalvelut, koulutuspalvelut ja kiinteist\u00f6nv\u00e4litys. Alla on lyhyt kuvaus palveluista, tarkempia tietoja saat yl\u00e4palkista kunkin palvelun kohdalta.<\/p>\n<p>&nbsp;<\/p>\n<p><img loading=\"lazy\" decoding=\"async\" class=\"alignleft wp-image-477\" src=\"http:\/\/raiskiconsulting.com\/wp-content\/uploads\/2017\/11\/raiskiconsulting_250.png\" alt=\"\" width=\"200\" height=\"130\" srcset=\"https:\/\/raiskiconsulting.com\/wp-content\/uploads\/2017\/11\/raiskiconsulting_250.png 250w, https:\/\/raiskiconsulting.com\/wp-content\/uploads\/2017\/11\/raiskiconsulting_250-100x64.png 100w, https:\/\/raiskiconsulting.com\/wp-content\/uploads\/2017\/11\/raiskiconsulting_250-150x97.png 150w, https:\/\/raiskiconsulting.com\/wp-content\/uploads\/2017\/11\/raiskiconsulting_250-200x129.png 200w\" sizes=\"auto, (max-width: 200px) 100vw, 200px\" \/><strong>LAKI-, KOULUTUS- JA KONSULTOINTIPALVELUT<\/strong><\/p>\n<p>Tarjoamme apua ja asiantuntemusta erilaisissa asioissa, jotka liittyv\u00e4t vaikkapa maahanmuuttoon ja Espanjassa asumiseen, Asunnon ostoon ja myyntiin (ns. asuntokaupan valvonta), Yrityksen perustamiseen ja yritystoimintaan, Verotukseen, Perint\u00f6asioihin jne. Lis\u00e4ksi hoidamme my\u00f6s Suomen lakiasioita. Tarkempia tietoja palveluista saat <a title=\"LAKI- JA ASIOINTIPALVELUT\" href=\"http:\/\/raiskiconsulting.com\/?page_id=8\">t\u00e4\u00e4lt\u00e4<\/a>.<\/p>\n<p>&nbsp;<\/p>\n<p>&nbsp;<\/p>\n<p>&nbsp;<\/p>\n<p>&nbsp;<\/p>\n<p>&nbsp;<\/p>\n<p>&nbsp;<\/p>\n<h3><\/h3>\n<p>&nbsp;<\/p>\n<p>&nbsp;<\/p>\n<p>&nbsp;<\/p>\n","protected":false},"excerpt":{"rendered":"<p>Tervetuloa Raiski Consultingin\u00a0 kotisivuille Raiski Consulting on monialayritys, jonka palveluita ovat laki-, asiointi- ja konsultointipalvelut, koulutuspalvelut ja kiinteist\u00f6nv\u00e4litys. Alla on lyhyt kuvaus palveluista, tarkempia tietoja saat yl\u00e4palkista kunkin palvelun kohdalta. &nbsp; LAKI-, KOULUTUS- JA KONSULTOINTIPALVELUT Tarjoamme apua ja asiantuntemusta erilaisissa<span class=\"ellipsis\">&hellip;<\/span><\/p>\n<div class=\"read-more\"><a href=\"https:\/\/raiskiconsulting.com\/\">Lue lis\u00e4\u00e4 \u203a<\/a><\/div>\n<p><!-- end of .read-more --><\/p>\n","protected":false},"author":1,"featured_media":0,"parent":0,"menu_order":0,"comment_status":"closed","ping_status":"closed","template":"","meta":{"footnotes":""},"class_list":["post-6","page","type-page","status-publish","hentry"],"_links":{"self":[{"href":"https:\/\/raiskiconsulting.com\/index.php?rest_route=\/wp\/v2\/pages\/6","targetHints":{"allow":["GET"]}}],"collection":[{"href":"https:\/\/raiskiconsulting.com\/index.php?rest_route=\/wp\/v2\/pages"}],"about":[{"href":"https:\/\/raiskiconsulting.com\/index.php?rest_route=\/wp\/v2\/types\/page"}],"author":[{"embeddable":true,"href":"https:\/\/raiskiconsulting.com\/index.php?rest_route=\/wp\/v2\/users\/1"}],"replies":[{"embeddable":true,"href":"https:\/\/raiskiconsulting.com\/index.php?rest_route=%2Fwp%2Fv2%2Fcomments&post=6"}],"version-history":[{"count":64,"href":"https:\/\/raiskiconsulting.com\/index.php?rest_route=\/wp\/v2\/pages\/6\/revisions"}],"predecessor-version":[{"id":629,"href":"https:\/\/raiskiconsulting.com\/index.php?rest_route=\/wp\/v2\/pages\/6\/revisions\/629"}],"wp:attachment":[{"href":"https:\/\/raiskiconsulting.com\/index.php?rest_route=%2Fwp%2Fv2%2Fmedia&parent=6"}],"curies":[{"name":"wp","href":"https:\/\/api.w.org\/{rel}","templated":true}]}}