{"id":756,"date":"2026-05-07T14:11:50","date_gmt":"2026-05-07T12:11:50","guid":{"rendered":"https:\/\/raiskiconsulting.com\/?page_id=756"},"modified":"2026-05-07T18:46:54","modified_gmt":"2026-05-07T16:46:54","slug":"tervetuloa","status":"publish","type":"page","link":"https:\/\/raiskiconsulting.com\/","title":{"rendered":""},"content":{"rendered":"\n<figure class=\"wp-block-image size-large\"><a href=\"https:\/\/raiskiconsulting.com\/wp-content\/uploads\/2026\/05\/RC-luotettava-kumppani-vaaka-pidempi.png\"><img fetchpriority=\"high\" decoding=\"async\" width=\"1024\" height=\"455\" src=\"https:\/\/raiskiconsulting.com\/wp-content\/uploads\/2026\/05\/RC-luotettava-kumppani-vaaka-pidempi-1024x455.png\" alt=\"\" class=\"wp-image-770\" srcset=\"https:\/\/raiskiconsulting.com\/wp-content\/uploads\/2026\/05\/RC-luotettava-kumppani-vaaka-pidempi-1024x455.png 1024w, https:\/\/raiskiconsulting.com\/wp-content\/uploads\/2026\/05\/RC-luotettava-kumppani-vaaka-pidempi-300x133.png 300w, https:\/\/raiskiconsulting.com\/wp-content\/uploads\/2026\/05\/RC-luotettava-kumppani-vaaka-pidempi-768x341.png 768w, https:\/\/raiskiconsulting.com\/wp-content\/uploads\/2026\/05\/RC-luotettava-kumppani-vaaka-pidempi-1536x683.png 1536w, https:\/\/raiskiconsulting.com\/wp-content\/uploads\/2026\/05\/RC-luotettava-kumppani-vaaka-pidempi.png 1881w\" sizes=\"(max-width: 1024px) 100vw, 1024px\" \/><\/a><\/figure>\n\n\n\n<p class=\"has-text-align-left\"><strong>Espanjan Aurinkorannikko vet\u00e4\u00e4 suomalaisia puoleensa<\/strong>. Joka vuosi, erityisesti syksyisin,  t\u00e4nne Aurinkorannikolla saapuu uusia suomalaisia: lapsiperheit\u00e4, vuorotteluvapaalaisia, el\u00e4kel\u00e4isi\u00e4, ty\u00f6nhakijoita ja yrityksen perustami-sesta haaveilevia. Joku tulee terveydellisist\u00e4 syist\u00e4, toinen muuten vain, parempaa ilmastoa ja muutosta el\u00e4m\u00e4\u00e4ns\u00e4 etsim\u00e4\u00e4n.<\/p>\n\n\n\n<p>Yhteist\u00e4 tulijoille ja t\u00e4\u00e4ll\u00e4 jo kauemminkin asuneille on, ett\u00e4 k\u00e4yt\u00e4nn\u00f6n asioiden hoitaminen on monesti haastavampaa ja hitaampaa kuin Suomessa. Vaikka yhteisess\u00e4 EU:ssa olemmekin, eiv\u00e4t kaikki lait ja k\u00e4yt\u00e4nn\u00f6t <br>ole lainkaan samanlaisia. Kieliongelmat ja espanjalainen byrokratia saattavat mutkistaa maahantulijan taivalta ja pahimmillaan aiheuttaa melkoista stressi\u00e4.<\/p>\n\n\n\n<p>Suomalaiset ovat tottuneet hoitamaan itse omat asiansa. Suomessa se k\u00e4ykin melko vaivattomasti, mutta Espanjassa monesti kannattaa k\u00e4\u00e4nty\u00e4&nbsp;<strong>asiantuntevan<\/strong> ja <strong>luotettavan<\/strong> asiointitoimiston puoleen. Niin espanjalaisetkin tekev\u00e4t!<\/p>\n\n\n\n<p><strong>Tarjoamme apua ja asiantuntemusta erilaisissa asioissa, jotka liittyv\u00e4t vaikkapa:<\/strong><\/p>\n\n\n\n<ul class=\"wp-block-list\">\n<li><strong>Espanjaan tai Suomeen muuttoon sek\u00e4 Espanjassa asumiseen liittyviss\u00e4 asioissa<\/strong><\/li>\n\n\n\n<li><strong>Asunnon ostoon ja myyntiin Espanjassa (ns. asuntokaupan valvonta), my\u00f6s kiinteist\u00f6nv\u00e4lityst\u00e4<\/strong><\/li>\n\n\n\n<li><strong>Perunkirjoituksiin ja muihin perint\u00f6asioihin (Suomi\/ Espanja)<\/strong><\/li>\n\n\n\n<li><strong>Verotukseen (Suomi\/ Espanja)<\/strong><\/li>\n\n\n\n<li><strong>Yrityksen perustamiseen ja yritystoimintaan<\/strong><\/li>\n\n\n\n<li><strong>&#8220;El\u00e4m\u00e4\u00e4n Espanjassa&#8221; &#8211; koulutukset<\/strong><\/li>\n<\/ul>\n","protected":false},"excerpt":{"rendered":"<p>Espanjan Aurinkorannikko vet\u00e4\u00e4 suomalaisia puoleensa. Joka vuosi, erityisesti syksyisin, t\u00e4nne Aurinkorannikolla saapuu uusia suomalaisia: lapsiperheit\u00e4, vuorotteluvapaalaisia, el\u00e4kel\u00e4isi\u00e4, ty\u00f6nhakijoita ja yrityksen perustami-sesta haaveilevia. Joku tulee terveydellisist\u00e4 syist\u00e4, toinen muuten vain, parempaa ilmastoa ja muutosta el\u00e4m\u00e4\u00e4ns\u00e4 etsim\u00e4\u00e4n. Yhteist\u00e4 tulijoille ja t\u00e4\u00e4ll\u00e4 jo kauemminkin asuneille on, ett\u00e4 k\u00e4yt\u00e4nn\u00f6n asioiden hoitaminen on monesti haastavampaa ja hitaampaa kuin Suomessa. Vaikka [&hellip;]<\/p>\n","protected":false},"author":1,"featured_media":0,"parent":0,"menu_order":0,"comment_status":"closed","ping_status":"closed","template":"","meta":{"footnotes":""},"class_list":["post-756","page","type-page","status-publish","hentry"],"_links":{"self":[{"href":"https:\/\/raiskiconsulting.com\/index.php?rest_route=\/wp\/v2\/pages\/756","targetHints":{"allow":["GET"]}}],"collection":[{"href":"https:\/\/raiskiconsulting.com\/index.php?rest_route=\/wp\/v2\/pages"}],"about":[{"href":"https:\/\/raiskiconsulting.com\/index.php?rest_route=\/wp\/v2\/types\/page"}],"author":[{"embeddable":true,"href":"https:\/\/raiskiconsulting.com\/index.php?rest_route=\/wp\/v2\/users\/1"}],"replies":[{"embeddable":true,"href":"https:\/\/raiskiconsulting.com\/index.php?rest_route=%2Fwp%2Fv2%2Fcomments&post=756"}],"version-history":[{"count":6,"href":"https:\/\/raiskiconsulting.com\/index.php?rest_route=\/wp\/v2\/pages\/756\/revisions"}],"predecessor-version":[{"id":793,"href":"https:\/\/raiskiconsulting.com\/index.php?rest_route=\/wp\/v2\/pages\/756\/revisions\/793"}],"wp:attachment":[{"href":"https:\/\/raiskiconsulting.com\/index.php?rest_route=%2Fwp%2Fv2%2Fmedia&parent=756"}],"curies":[{"name":"wp","href":"https:\/\/api.w.org\/{rel}","templated":true}]}}