{"id":8,"date":"2014-09-06T20:57:59","date_gmt":"2014-09-06T20:57:59","guid":{"rendered":"http:\/\/raiskiconsulting.com\/?page_id=8"},"modified":"2025-10-20T22:46:20","modified_gmt":"2025-10-20T20:46:20","slug":"laki-ja-asiointipalvelut","status":"publish","type":"page","link":"https:\/\/raiskiconsulting.com\/?page_id=8","title":{"rendered":"Laki- ja asiointipalvelut"},"content":{"rendered":"<h1>Laki- ja asiointipalvelut<\/h1>\n<p>Espanjan Aurinkorannikko vet\u00e4\u00e4 suomalaisia puoleensa. Joka vuosi, erityisesti syksyisin t\u00e4nne Aurinkorannikolla saapuu uusia suomalaisia: lapsiperheit\u00e4, vuorotteluvapaalaisia, el\u00e4kel\u00e4isi\u00e4, ty\u00f6nhakijoita ja yrityksen perustamisesta haaveilevia. Joku tulee terveydellisist\u00e4 syist\u00e4, toinen muuten vain, parempaa ilmastoa ja muutosta el\u00e4m\u00e4\u00e4ns\u00e4 etsim\u00e4\u00e4n.<\/p>\n<p>Yhteist\u00e4 tulijoille ja t\u00e4\u00e4ll\u00e4 jo kauemminkin asuneille on, ett\u00e4 k\u00e4yt\u00e4nn\u00f6n asioiden hoitaminen on monesti haastavampaa ja hitaampaa kuin Suomessa. Vaikka yhteisess\u00e4 EU:ssa olemmekin, eiv\u00e4t kaikki lait ja k\u00e4yt\u00e4nn\u00f6t ole lainkaan samanlaisia. Kieliongelmat ja espanjalainen byrokratia saattavat mutkistaa maahantulijan taivalta ja pahimmillaan aiheuttaa melkoista stressi\u00e4.<\/p>\n<p>Suomalaiset ovat tottuneet hoitamaan itse omat asiansa. Suomessa se k\u00e4ykin melko vaivattomasti, mutta Espanjassa monesti kannattaa k\u00e4\u00e4nty\u00e4\u00a0<b>asiantuntevan<\/b> ja <b>luotettavan<\/b> asiointitoimiston puoleen. Niin espanjalaisetkin tekev\u00e4t!<\/p>\n<p>Espanjassa voi kuka tahansa, ammattitaidosta riippumatta, ryhty\u00e4 hoitamaan toisten asioita. Niinp\u00e4 asiointitoimiston valinnassa kannattaa olla huolellinen ja ottaa selvill\u00e4 asianhoitajan taustoista, koulutuksesta ja ty\u00f6kokemuksesta. Marjo Raiskin koulutus- ja ty\u00f6taustan voit tarkistaa klikkaamalla yl\u00e4palkista kohtaa &#8220;Yritysesittely&#8221;.<\/p>\n<p><b>TERVETULOA ASIAKKAAKSEMME!<\/b><\/p>\n\n\n<p><\/p>\n","protected":false},"excerpt":{"rendered":"<p>Laki- ja asiointipalvelut Espanjan Aurinkorannikko vet\u00e4\u00e4 suomalaisia puoleensa. Joka vuosi, erityisesti syksyisin t\u00e4nne Aurinkorannikolla saapuu uusia suomalaisia: lapsiperheit\u00e4, vuorotteluvapaalaisia, el\u00e4kel\u00e4isi\u00e4, ty\u00f6nhakijoita ja yrityksen perustamisesta haaveilevia. Joku tulee terveydellisist\u00e4 syist\u00e4, toinen muuten vain, parempaa ilmastoa ja muutosta el\u00e4m\u00e4\u00e4ns\u00e4 etsim\u00e4\u00e4n. Yhteist\u00e4 tulijoille<span class=\"ellipsis\">&hellip;<\/span><\/p>\n<div class=\"read-more\"><a href=\"https:\/\/raiskiconsulting.com\/?page_id=8\">Lue lis\u00e4\u00e4 \u203a<\/a><\/div>\n<p><!-- end of .read-more --><\/p>\n","protected":false},"author":1,"featured_media":0,"parent":0,"menu_order":0,"comment_status":"closed","ping_status":"closed","template":"","meta":{"footnotes":""},"class_list":["post-8","page","type-page","status-publish","hentry"],"_links":{"self":[{"href":"https:\/\/raiskiconsulting.com\/index.php?rest_route=\/wp\/v2\/pages\/8","targetHints":{"allow":["GET"]}}],"collection":[{"href":"https:\/\/raiskiconsulting.com\/index.php?rest_route=\/wp\/v2\/pages"}],"about":[{"href":"https:\/\/raiskiconsulting.com\/index.php?rest_route=\/wp\/v2\/types\/page"}],"author":[{"embeddable":true,"href":"https:\/\/raiskiconsulting.com\/index.php?rest_route=\/wp\/v2\/users\/1"}],"replies":[{"embeddable":true,"href":"https:\/\/raiskiconsulting.com\/index.php?rest_route=%2Fwp%2Fv2%2Fcomments&post=8"}],"version-history":[{"count":5,"href":"https:\/\/raiskiconsulting.com\/index.php?rest_route=\/wp\/v2\/pages\/8\/revisions"}],"predecessor-version":[{"id":634,"href":"https:\/\/raiskiconsulting.com\/index.php?rest_route=\/wp\/v2\/pages\/8\/revisions\/634"}],"wp:attachment":[{"href":"https:\/\/raiskiconsulting.com\/index.php?rest_route=%2Fwp%2Fv2%2Fmedia&parent=8"}],"curies":[{"name":"wp","href":"https:\/\/api.w.org\/{rel}","templated":true}]}}